{"id":2150,"date":"2024-08-18T13:16:43","date_gmt":"2024-08-18T11:16:43","guid":{"rendered":"https:\/\/ateliertokimeki.com\/?page_id=2150"},"modified":"2025-08-28T11:37:07","modified_gmt":"2025-08-28T09:37:07","slug":"pack-decouverte-tokimeki","status":"publish","type":"page","link":"https:\/\/ateliertokimeki.com\/en\/pack-decouverte-tokimeki\/","title":{"rendered":"Tokimeki Discovery Pack"},"content":{"rendered":"<div data-elementor-type=\"wp-page\" data-elementor-id=\"2150\" class=\"elementor elementor-2150\" data-elementor-post-type=\"page\">\n\t\t\t\t<div class=\"elementor-element elementor-element-98a421e e-flex e-con-boxed e-con e-parent\" data-id=\"98a421e\" data-element_type=\"container\" data-settings=\"{&quot;background_background&quot;:&quot;classic&quot;}\">\n\t\t\t\t\t<div class=\"e-con-inner\">\n\t\t<div class=\"elementor-element elementor-element-80d3247 e-con-full e-flex e-con e-child\" data-id=\"80d3247\" data-element_type=\"container\">\n\t\t\t\t<div class=\"elementor-element elementor-element-5efe005 elementor-widget elementor-widget-spacer\" data-id=\"5efe005\" data-element_type=\"widget\" data-widget_type=\"spacer.default\">\n\t\t\t\t<div class=\"elementor-widget-container\">\n\t\t\t\t\t\t\t<div class=\"elementor-spacer\">\n\t\t\t<div class=\"elementor-spacer-inner\"><\/div>\n\t\t<\/div>\n\t\t\t\t\t\t<\/div>\n\t\t\t\t<\/div>\n\t\t\t\t<\/div>\n\t\t\t\t\t<\/div>\n\t\t\t\t<\/div>\n\t\t<div class=\"elementor-element elementor-element-dcba409 e-flex e-con-boxed e-con e-parent\" data-id=\"dcba409\" data-element_type=\"container\" data-settings=\"{&quot;background_background&quot;:&quot;classic&quot;}\">\n\t\t\t\t\t<div class=\"e-con-inner\">\n\t\t<div class=\"elementor-element elementor-element-6444d06 e-con-full e-flex e-con e-child\" data-id=\"6444d06\" data-element_type=\"container\" data-settings=\"{&quot;background_background&quot;:&quot;classic&quot;}\">\n\t\t<div class=\"elementor-element elementor-element-2d08572 e-con-full e-flex e-con e-child\" data-id=\"2d08572\" data-element_type=\"container\">\n\t\t\t\t<div class=\"elementor-element elementor-element-2154efe elementor-widget elementor-widget-heading\" data-id=\"2154efe\" data-element_type=\"widget\" data-widget_type=\"heading.default\">\n\t\t\t\t<div class=\"elementor-widget-container\">\n\t\t\t\t\t<h2 class=\"elementor-heading-title elementor-size-default\">Tokimeki Discovery Pack\n<\/h2>\t\t\t\t<\/div>\n\t\t\t\t<\/div>\n\t\t\t\t<div class=\"elementor-element elementor-element-12f6843 elementor-widget-divider--view-line elementor-widget elementor-widget-divider\" data-id=\"12f6843\" data-element_type=\"widget\" data-widget_type=\"divider.default\">\n\t\t\t\t<div class=\"elementor-widget-container\">\n\t\t\t\t\t\t\t<div class=\"elementor-divider\">\n\t\t\t<span class=\"elementor-divider-separator\">\n\t\t\t\t\t\t<\/span>\n\t\t<\/div>\n\t\t\t\t\t\t<\/div>\n\t\t\t\t<\/div>\n\t\t\t\t<div class=\"elementor-element elementor-element-eba0dfb elementor-widget elementor-widget-heading\" data-id=\"eba0dfb\" data-element_type=\"widget\" data-widget_type=\"heading.default\">\n\t\t\t\t<div class=\"elementor-widget-container\">\n\t\t\t\t\t<h2 class=\"elementor-heading-title elementor-size-default\">Get started with Japanese tidying and the KonMari method\n<\/h2>\t\t\t\t<\/div>\n\t\t\t\t<\/div>\n\t\t\t\t<div class=\"elementor-element elementor-element-ad0daca elementor-widget elementor-widget-text-editor\" data-id=\"ad0daca\" data-element_type=\"widget\" data-widget_type=\"text-editor.default\">\n\t\t\t\t<div class=\"elementor-widget-container\">\n\t\t\t\t\t\t\t\t\t<p class=\"font_8 wixui-rich-text__text\"><span class=\"wixui-rich-text__text\"><img decoding=\"async\" class=\"emoji\" role=\"img\" draggable=\"false\" src=\"https:\/\/s.w.org\/images\/core\/emoji\/15.0.3\/svg\/2728.svg\" alt=\"\u2728\" \/>\u00a0<\/span><span class=\"wixui-rich-text__text\">You want to tidy but don't know where to begin.<\/span><\/p><p class=\"font_8 wixui-rich-text__text\"><span class=\"wixui-rich-text__text\"><img decoding=\"async\" class=\"emoji\" role=\"img\" draggable=\"false\" src=\"https:\/\/s.w.org\/images\/core\/emoji\/15.0.3\/svg\/2728.svg\" alt=\"\u2728\" \/>\u00a0<\/span><span class=\"wixui-rich-text__text\">You dream of creating a space that reflects and inspires you.<\/span><\/p><p class=\"font_8 wixui-rich-text__text\"><span class=\"wixui-rich-text__text\"><img decoding=\"async\" class=\"emoji\" role=\"img\" draggable=\"false\" src=\"https:\/\/s.w.org\/images\/core\/emoji\/15.0.3\/svg\/2728.svg\" alt=\"\u2728\" \/>\u00a0<\/span><span class=\"wixui-rich-text__text\">You're curious to try the famous KonMari method, but you don't want to become a minimalist. <\/span><\/p><p class=\"font_8 wixui-rich-text__text\"><span class=\"wixui-rich-text__text\">Then this pack is for you!<\/span><\/p><p class=\"font_8 wixui-rich-text__text\"><span class=\"wixui-rich-text__text\">A consultant certified in the KonMari Method will explain the basics, give you a one-on-one lesson, and provide a personalised booklet to launch your tidying journey. <strong>Experience the spark of joy!<\/strong><\/span><\/p><p class=\"font_8 wixui-rich-text__text\"><span class=\"wixui-rich-text__text\">The Tokimeki Discovery Pack is composed of:<\/span><\/p><ol class=\"font_8 wixui-rich-text__text\"><li class=\"wixui-rich-text__text\"><p class=\"font_8 wixui-rich-text__text\"><span class=\"wixui-rich-text__text\"><b>Introduction to Japanese tidying (45 minutes)<\/b><\/span><\/p><p class=\"font_8 wixui-rich-text__text\"><span class=\"wixui-rich-text__text\">A webinar to discover the principles of Japanese tidying and do a visualisation exercise.<\/span><\/p><\/li><li class=\"wixui-rich-text__text\"><p class=\"font_8 wixui-rich-text__text\"><span class=\"wixui-rich-text__text\"><b>Individual tidying lesson (1.5 hours)<\/b><\/span><\/p><p class=\"font_8 wixui-rich-text__text\"><span class=\"wixui-rich-text__text\">A 1.5-hour lesson in-person* or online to learn tidying techniques, including clothes folding.<\/span><\/p><\/li><li class=\"wixui-rich-text__text\"><p class=\"font_8 wixui-rich-text__text\"><span class=\"wixui-rich-text__text\"><b>Customised tidying booklet<\/b><\/span><\/p><p class=\"font_8 wixui-rich-text__text\"><span class=\"wixui-rich-text__text\">A 50-page practical guide with personalised advice to accompany you on your tidying journey.<\/span><\/p><\/li><\/ol><p class=\"font_8 wixui-rich-text__text\"><strong><span class=\"wixui-rich-text__text\">Total value of the offer : 450 Euros<\/span><\/strong><\/p><p class=\"font_8 wixui-rich-text__text\"><span class=\"wixui-rich-text__text\"><b>Special offer: 249 Euros<\/b><\/span><\/p>\t\t\t\t\t\t\t\t<\/div>\n\t\t\t\t<\/div>\n\t\t\t\t<div class=\"elementor-element elementor-element-92f9e88 elementor-align-left elementor-widget elementor-widget-button\" data-id=\"92f9e88\" data-element_type=\"widget\" data-widget_type=\"button.default\">\n\t\t\t\t<div class=\"elementor-widget-container\">\n\t\t\t\t\t\t\t\t\t<div class=\"elementor-button-wrapper\">\n\t\t\t\t\t<a class=\"elementor-button elementor-button-link elementor-size-sm\" href=\"https:\/\/ateliertokimeki.com\/en\/contact\/\">\n\t\t\t\t\t\t<span class=\"elementor-button-content-wrapper\">\n\t\t\t\t\t\t<span class=\"elementor-button-icon\">\n\t\t\t\t<i aria-hidden=\"true\" class=\"icon icon-arrow-right\"><\/i>\t\t\t<\/span>\n\t\t\t\t\t\t\t\t\t<span class=\"elementor-button-text\">Book now<\/span>\n\t\t\t\t\t<\/span>\n\t\t\t\t\t<\/a>\n\t\t\t\t<\/div>\n\t\t\t\t\t\t\t\t<\/div>\n\t\t\t\t<\/div>\n\t\t\t\t<\/div>\n\t\t<div class=\"elementor-element elementor-element-4088c75 e-con-full e-flex e-con e-child\" data-id=\"4088c75\" data-element_type=\"container\">\n\t\t\t\t<div class=\"elementor-element elementor-element-f81955b elementor-widget elementor-widget-image\" data-id=\"f81955b\" data-element_type=\"widget\" data-widget_type=\"image.default\">\n\t\t\t\t<div class=\"elementor-widget-container\">\n\t\t\t\t\t\t\t\t\t\t\t\t\t\t\t<img decoding=\"async\" src=\"https:\/\/ateliertokimeki.com\/wp-content\/uploads\/2024\/08\/KonMari-small-6-1.jpg\" title=\"\" alt=\"\" class=\"elementor-animation-float\" loading=\"lazy\" \/>\t\t\t\t\t\t\t\t\t\t\t\t\t\t\t<\/div>\n\t\t\t\t<\/div>\n\t\t\t\t<div class=\"elementor-element elementor-element-af548a2 elementor-widget elementor-widget-text-editor\" data-id=\"af548a2\" data-element_type=\"widget\" data-widget_type=\"text-editor.default\">\n\t\t\t\t<div class=\"elementor-widget-container\">\n\t\t\t\t\t\t\t\t\t<p><span style=\"caret-color: #585c5e; color: #585c5e; font-family: helvetica-w01-light, helvetica-w02-light, sans-serif;\"><b>Optional add-on:&nbsp;<\/b><\/span><\/p>\n<p><span style=\"caret-color: #585c5e; color: #585c5e; font-family: helvetica-w01-light, helvetica-w02-light, sans-serif;\">Add 50 Euros (total 299 Euros) to extend your lesson to 3 hours instead of 1.5 hours.<\/span><\/p>\n<p><span style=\"caret-color: #585c5e; color: #585c5e; font-family: helvetica-w01-light, helvetica-w02-light, sans-serif;\">&nbsp;<\/span><\/p>\n<p><span style=\"caret-color: #585c5e; color: #585c5e; font-family: helvetica-w01-light, helvetica-w02-light, sans-serif;\">*dans un rayon de 20km de Saint Renan ou selon accord (<\/span><span class=\"wixui-rich-text__text\" style=\"background-image: none; background-position: 0% 0%; background-size: auto; background-repeat: repeat; background-attachment: scroll; background-origin: padding-box; background-clip: border-box; border: 0px; margin: 0px; outline: 0px; padding: 0px; vertical-align: baseline; caret-color: #585c5e; color: #585c5e; font-family: helvetica-w01-light, helvetica-w02-light, sans-serif; text-decoration: underline;\"><a class=\"wixui-rich-text__text\" style=\"background: #ffffff; border: 0px; margin: 0px; outline: 0px; padding: 0px; vertical-align: baseline; cursor: pointer; color: #585c5e;\" href=\"mailto:contact@ateliertokimeki.com?subject=Pack%20D%C3%A9couverte%20Tokimeki:%20cours%20de%20rangement\" target=\"_self\">contact me to ask<\/a><\/span><span style=\"caret-color: #585c5e; color: #585c5e; font-family: helvetica-w01-light, helvetica-w02-light, sans-serif;\">).<\/span><\/p>\t\t\t\t\t\t\t\t<\/div>\n\t\t\t\t<\/div>\n\t\t\t\t<\/div>\n\t\t\t\t<\/div>\n\t\t\t\t\t<\/div>\n\t\t\t\t<\/div>\n\t\t\t\t<\/div>","protected":false},"excerpt":{"rendered":"<p>Pack D\u00e9couverte Tokimeki Initiez-vous au rangement \u00e0 la japonaise et la m\u00e9thode Marie Kondo \u00a0Vous voulez ranger mais ne savez pas par o\u00f9 commencer. \u00a0Vous r\u00eavez de cr\u00e9er un espace [&hellip;]<\/p>\n","protected":false},"author":5,"featured_media":0,"parent":0,"menu_order":0,"comment_status":"closed","ping_status":"closed","template":"","meta":{"site-sidebar-layout":"no-sidebar","site-content-layout":"page-builder","ast-site-content-layout":"full-width-container","site-content-style":"unboxed","site-sidebar-style":"unboxed","ast-global-header-display":"","ast-banner-title-visibility":"","ast-main-header-display":"","ast-hfb-above-header-display":"","ast-hfb-below-header-display":"","ast-hfb-mobile-header-display":"","site-post-title":"disabled","ast-breadcrumbs-content":"disabled","ast-featured-img":"disabled","footer-sml-layout":"","theme-transparent-header-meta":"enabled","adv-header-id-meta":"","stick-header-meta":"","header-above-stick-meta":"","header-main-stick-meta":"","header-below-stick-meta":"","astra-migrate-meta-layouts":"set","ast-page-background-enabled":"default","ast-page-background-meta":{"desktop":{"background-color":"","background-image":"","background-repeat":"repeat","background-position":"center center","background-size":"auto","background-attachment":"scroll","background-type":"","background-media":"","overlay-type":"","overlay-color":"","overlay-opacity":"","overlay-gradient":""},"tablet":{"background-color":"","background-image":"","background-repeat":"repeat","background-position":"center center","background-size":"auto","background-attachment":"scroll","background-type":"","background-media":"","overlay-type":"","overlay-color":"","overlay-opacity":"","overlay-gradient":""},"mobile":{"background-color":"","background-image":"","background-repeat":"repeat","background-position":"center center","background-size":"auto","background-attachment":"scroll","background-type":"","background-media":"","overlay-type":"","overlay-color":"","overlay-opacity":"","overlay-gradient":""}},"ast-content-background-meta":{"desktop":{"background-color":"var(--ast-global-color-5)","background-image":"","background-repeat":"repeat","background-position":"center center","background-size":"auto","background-attachment":"scroll","background-type":"","background-media":"","overlay-type":"","overlay-color":"","overlay-opacity":"","overlay-gradient":""},"tablet":{"background-color":"var(--ast-global-color-5)","background-image":"","background-repeat":"repeat","background-position":"center center","background-size":"auto","background-attachment":"scroll","background-type":"","background-media":"","overlay-type":"","overlay-color":"","overlay-opacity":"","overlay-gradient":""},"mobile":{"background-color":"var(--ast-global-color-5)","background-image":"","background-repeat":"repeat","background-position":"center center","background-size":"auto","background-attachment":"scroll","background-type":"","background-media":"","overlay-type":"","overlay-color":"","overlay-opacity":"","overlay-gradient":""}},"footnotes":""},"class_list":["post-2150","page","type-page","status-publish","hentry"],"yoast_head":"<!-- This site is optimized with the Yoast SEO plugin v27.4 - https:\/\/yoast.com\/product\/yoast-seo-wordpress\/ -->\n<title>Pack D\u00e9couverte Tokimeki - atelier tokimeki<\/title>\n<meta name=\"robots\" content=\"index, follow, max-snippet:-1, max-image-preview:large, max-video-preview:-1\" \/>\n<link rel=\"canonical\" href=\"https:\/\/ateliertokimeki.com\/en\/pack-decouverte-tokimeki\/\" \/>\n<meta property=\"og:locale\" content=\"en_US\" \/>\n<meta property=\"og:type\" content=\"article\" \/>\n<meta property=\"og:title\" content=\"Pack D\u00e9couverte Tokimeki - atelier tokimeki\" \/>\n<meta property=\"og:description\" content=\"Pack D\u00e9couverte Tokimeki Initiez-vous au rangement \u00e0 la japonaise et la m\u00e9thode Marie Kondo \u00a0Vous voulez ranger mais ne savez pas par o\u00f9 commencer. \u00a0Vous r\u00eavez de cr\u00e9er un espace [&hellip;]\" \/>\n<meta property=\"og:url\" content=\"https:\/\/ateliertokimeki.com\/en\/pack-decouverte-tokimeki\/\" \/>\n<meta property=\"og:site_name\" content=\"atelier tokimeki\" \/>\n<meta property=\"article:modified_time\" content=\"2025-08-28T09:37:07+00:00\" \/>\n<meta property=\"og:image\" content=\"https:\/\/s.w.org\/images\/core\/emoji\/15.0.3\/svg\/2728.svg\" \/>\n<meta name=\"twitter:card\" content=\"summary_large_image\" \/>\n<meta name=\"twitter:label1\" content=\"Est. reading time\" \/>\n\t<meta name=\"twitter:data1\" content=\"2 minutes\" \/>\n<script type=\"application\/ld+json\" class=\"yoast-schema-graph\">{\"@context\":\"https:\\\/\\\/schema.org\",\"@graph\":[{\"@type\":\"WebPage\",\"@id\":\"https:\\\/\\\/ateliertokimeki.com\\\/pack-decouverte-tokimeki\\\/\",\"url\":\"https:\\\/\\\/ateliertokimeki.com\\\/pack-decouverte-tokimeki\\\/\",\"name\":\"Pack D\u00e9couverte Tokimeki - atelier tokimeki\",\"isPartOf\":{\"@id\":\"https:\\\/\\\/ateliertokimeki.com\\\/#website\"},\"primaryImageOfPage\":{\"@id\":\"https:\\\/\\\/ateliertokimeki.com\\\/pack-decouverte-tokimeki\\\/#primaryimage\"},\"image\":{\"@id\":\"https:\\\/\\\/ateliertokimeki.com\\\/pack-decouverte-tokimeki\\\/#primaryimage\"},\"thumbnailUrl\":\"https:\\\/\\\/s.w.org\\\/images\\\/core\\\/emoji\\\/15.0.3\\\/svg\\\/2728.svg\",\"datePublished\":\"2024-08-18T11:16:43+00:00\",\"dateModified\":\"2025-08-28T09:37:07+00:00\",\"breadcrumb\":{\"@id\":\"https:\\\/\\\/ateliertokimeki.com\\\/pack-decouverte-tokimeki\\\/#breadcrumb\"},\"inLanguage\":\"en-US\",\"potentialAction\":[{\"@type\":\"ReadAction\",\"target\":[\"https:\\\/\\\/ateliertokimeki.com\\\/pack-decouverte-tokimeki\\\/\"]}]},{\"@type\":\"ImageObject\",\"inLanguage\":\"en-US\",\"@id\":\"https:\\\/\\\/ateliertokimeki.com\\\/pack-decouverte-tokimeki\\\/#primaryimage\",\"url\":\"https:\\\/\\\/s.w.org\\\/images\\\/core\\\/emoji\\\/15.0.3\\\/svg\\\/2728.svg\",\"contentUrl\":\"https:\\\/\\\/s.w.org\\\/images\\\/core\\\/emoji\\\/15.0.3\\\/svg\\\/2728.svg\"},{\"@type\":\"BreadcrumbList\",\"@id\":\"https:\\\/\\\/ateliertokimeki.com\\\/pack-decouverte-tokimeki\\\/#breadcrumb\",\"itemListElement\":[{\"@type\":\"ListItem\",\"position\":1,\"name\":\"Home\",\"item\":\"https:\\\/\\\/ateliertokimeki.com\\\/\"},{\"@type\":\"ListItem\",\"position\":2,\"name\":\"Pack D\u00e9couverte Tokimeki\"}]},{\"@type\":\"WebSite\",\"@id\":\"https:\\\/\\\/ateliertokimeki.com\\\/#website\",\"url\":\"https:\\\/\\\/ateliertokimeki.com\\\/\",\"name\":\"Yuri Saito\",\"description\":\"le rangement \u00e0 la japonaise\",\"publisher\":{\"@id\":\"https:\\\/\\\/ateliertokimeki.com\\\/#\\\/schema\\\/person\\\/ba507031a79b2c1251bcbc37704a3ac3\"},\"potentialAction\":[{\"@type\":\"SearchAction\",\"target\":{\"@type\":\"EntryPoint\",\"urlTemplate\":\"https:\\\/\\\/ateliertokimeki.com\\\/?s={search_term_string}\"},\"query-input\":{\"@type\":\"PropertyValueSpecification\",\"valueRequired\":true,\"valueName\":\"search_term_string\"}}],\"inLanguage\":\"en-US\"},{\"@type\":[\"Person\",\"Organization\"],\"@id\":\"https:\\\/\\\/ateliertokimeki.com\\\/#\\\/schema\\\/person\\\/ba507031a79b2c1251bcbc37704a3ac3\",\"name\":\"Yuri Saito\",\"image\":{\"@type\":\"ImageObject\",\"inLanguage\":\"en-US\",\"@id\":\"https:\\\/\\\/secure.gravatar.com\\\/avatar\\\/4db5ba8f718ded56aea2d3e3d5b41eba0b2cfcf1bb0cd543f9923a0011a47867?s=96&d=mm&r=g\",\"url\":\"https:\\\/\\\/secure.gravatar.com\\\/avatar\\\/4db5ba8f718ded56aea2d3e3d5b41eba0b2cfcf1bb0cd543f9923a0011a47867?s=96&d=mm&r=g\",\"contentUrl\":\"https:\\\/\\\/secure.gravatar.com\\\/avatar\\\/4db5ba8f718ded56aea2d3e3d5b41eba0b2cfcf1bb0cd543f9923a0011a47867?s=96&d=mm&r=g\",\"caption\":\"Yuri Saito\"},\"logo\":{\"@id\":\"https:\\\/\\\/secure.gravatar.com\\\/avatar\\\/4db5ba8f718ded56aea2d3e3d5b41eba0b2cfcf1bb0cd543f9923a0011a47867?s=96&d=mm&r=g\"}}]}<\/script>\n<!-- \/ Yoast SEO plugin. -->","yoast_head_json":{"title":"Pack D\u00e9couverte Tokimeki - atelier tokimeki","robots":{"index":"index","follow":"follow","max-snippet":"max-snippet:-1","max-image-preview":"max-image-preview:large","max-video-preview":"max-video-preview:-1"},"canonical":"https:\/\/ateliertokimeki.com\/en\/pack-decouverte-tokimeki\/","og_locale":"en_US","og_type":"article","og_title":"Pack D\u00e9couverte Tokimeki - atelier tokimeki","og_description":"Pack D\u00e9couverte Tokimeki Initiez-vous au rangement \u00e0 la japonaise et la m\u00e9thode Marie Kondo \u00a0Vous voulez ranger mais ne savez pas par o\u00f9 commencer. \u00a0Vous r\u00eavez de cr\u00e9er un espace [&hellip;]","og_url":"https:\/\/ateliertokimeki.com\/en\/pack-decouverte-tokimeki\/","og_site_name":"atelier tokimeki","article_modified_time":"2025-08-28T09:37:07+00:00","og_image":[{"url":"https:\/\/s.w.org\/images\/core\/emoji\/15.0.3\/svg\/2728.svg","type":"","width":"","height":""}],"twitter_card":"summary_large_image","twitter_misc":{"Est. reading time":"2 minutes"},"schema":{"@context":"https:\/\/schema.org","@graph":[{"@type":"WebPage","@id":"https:\/\/ateliertokimeki.com\/pack-decouverte-tokimeki\/","url":"https:\/\/ateliertokimeki.com\/pack-decouverte-tokimeki\/","name":"Pack D\u00e9couverte Tokimeki - atelier tokimeki","isPartOf":{"@id":"https:\/\/ateliertokimeki.com\/#website"},"primaryImageOfPage":{"@id":"https:\/\/ateliertokimeki.com\/pack-decouverte-tokimeki\/#primaryimage"},"image":{"@id":"https:\/\/ateliertokimeki.com\/pack-decouverte-tokimeki\/#primaryimage"},"thumbnailUrl":"https:\/\/s.w.org\/images\/core\/emoji\/15.0.3\/svg\/2728.svg","datePublished":"2024-08-18T11:16:43+00:00","dateModified":"2025-08-28T09:37:07+00:00","breadcrumb":{"@id":"https:\/\/ateliertokimeki.com\/pack-decouverte-tokimeki\/#breadcrumb"},"inLanguage":"en-US","potentialAction":[{"@type":"ReadAction","target":["https:\/\/ateliertokimeki.com\/pack-decouverte-tokimeki\/"]}]},{"@type":"ImageObject","inLanguage":"en-US","@id":"https:\/\/ateliertokimeki.com\/pack-decouverte-tokimeki\/#primaryimage","url":"https:\/\/s.w.org\/images\/core\/emoji\/15.0.3\/svg\/2728.svg","contentUrl":"https:\/\/s.w.org\/images\/core\/emoji\/15.0.3\/svg\/2728.svg"},{"@type":"BreadcrumbList","@id":"https:\/\/ateliertokimeki.com\/pack-decouverte-tokimeki\/#breadcrumb","itemListElement":[{"@type":"ListItem","position":1,"name":"Home","item":"https:\/\/ateliertokimeki.com\/"},{"@type":"ListItem","position":2,"name":"Pack D\u00e9couverte Tokimeki"}]},{"@type":"WebSite","@id":"https:\/\/ateliertokimeki.com\/#website","url":"https:\/\/ateliertokimeki.com\/","name":"Yuri Saito","description":"le rangement \u00e0 la japonaise","publisher":{"@id":"https:\/\/ateliertokimeki.com\/#\/schema\/person\/ba507031a79b2c1251bcbc37704a3ac3"},"potentialAction":[{"@type":"SearchAction","target":{"@type":"EntryPoint","urlTemplate":"https:\/\/ateliertokimeki.com\/?s={search_term_string}"},"query-input":{"@type":"PropertyValueSpecification","valueRequired":true,"valueName":"search_term_string"}}],"inLanguage":"en-US"},{"@type":["Person","Organization"],"@id":"https:\/\/ateliertokimeki.com\/#\/schema\/person\/ba507031a79b2c1251bcbc37704a3ac3","name":"Yuri Saito","image":{"@type":"ImageObject","inLanguage":"en-US","@id":"https:\/\/secure.gravatar.com\/avatar\/4db5ba8f718ded56aea2d3e3d5b41eba0b2cfcf1bb0cd543f9923a0011a47867?s=96&d=mm&r=g","url":"https:\/\/secure.gravatar.com\/avatar\/4db5ba8f718ded56aea2d3e3d5b41eba0b2cfcf1bb0cd543f9923a0011a47867?s=96&d=mm&r=g","contentUrl":"https:\/\/secure.gravatar.com\/avatar\/4db5ba8f718ded56aea2d3e3d5b41eba0b2cfcf1bb0cd543f9923a0011a47867?s=96&d=mm&r=g","caption":"Yuri Saito"},"logo":{"@id":"https:\/\/secure.gravatar.com\/avatar\/4db5ba8f718ded56aea2d3e3d5b41eba0b2cfcf1bb0cd543f9923a0011a47867?s=96&d=mm&r=g"}}]}},"_links":{"self":[{"href":"https:\/\/ateliertokimeki.com\/en\/wp-json\/wp\/v2\/pages\/2150","targetHints":{"allow":["GET"]}}],"collection":[{"href":"https:\/\/ateliertokimeki.com\/en\/wp-json\/wp\/v2\/pages"}],"about":[{"href":"https:\/\/ateliertokimeki.com\/en\/wp-json\/wp\/v2\/types\/page"}],"author":[{"embeddable":true,"href":"https:\/\/ateliertokimeki.com\/en\/wp-json\/wp\/v2\/users\/5"}],"replies":[{"embeddable":true,"href":"https:\/\/ateliertokimeki.com\/en\/wp-json\/wp\/v2\/comments?post=2150"}],"version-history":[{"count":25,"href":"https:\/\/ateliertokimeki.com\/en\/wp-json\/wp\/v2\/pages\/2150\/revisions"}],"predecessor-version":[{"id":3396,"href":"https:\/\/ateliertokimeki.com\/en\/wp-json\/wp\/v2\/pages\/2150\/revisions\/3396"}],"wp:attachment":[{"href":"https:\/\/ateliertokimeki.com\/en\/wp-json\/wp\/v2\/media?parent=2150"}],"curies":[{"name":"wp","href":"https:\/\/api.w.org\/{rel}","templated":true}]}}